{"id":3532,"date":"2021-10-14T17:05:47","date_gmt":"2021-10-14T15:05:47","guid":{"rendered":"http:\/\/latelierdelabarbastelle.fr\/?page_id=3532"},"modified":"2022-05-12T18:46:58","modified_gmt":"2022-05-12T16:46:58","slug":"les-techniques","status":"publish","type":"page","link":"http:\/\/latelierdelabarbastelle.fr\/index.php\/latelier\/les-techniques\/","title":{"rendered":"Les techniques"},"content":{"rendered":"[vc_row center_bck_image=\u00a0\u00bbno\u00a0\u00bb][vc_column][vc_column_text]<strong>L&rsquo;atelier utilise des techniques artisanales : chaque pi\u00e8ce est unique et passe au minimum 9 fois entre les mains du potier au cours de sa fabrication. Toutes ces techniques demandent du temps et de la patience.<\/strong><\/p>\n[\/vc_column_text][\/vc_column][\/vc_row][vc_row center_bck_image=\u00a0\u00bbno\u00a0\u00bb][vc_column width=\u00a0\u00bb1\/2&Prime;][vc_column_text]\n<h1 align=\"LEFT\">La Terre<\/h1>\n<p align=\"LEFT\">La terre est la mati\u00e8re premi\u00e8re que le potier fa\u00e7onne. Chaque argile se travaille diff\u00e9remment du fait de sa texture, sa mall\u00e9abilit\u00e9, sa temp\u00e9rature de cuisson et l&rsquo;objet recherch\u00e9.<\/p>\n<p align=\"LEFT\">Trois grands types de terre sont utilis\u00e9s par les potiers : <strong>les fa\u00efences<\/strong> (cuisson \u00e0 basse temp\u00e9rature), <strong>la porcelaine<\/strong> et <strong>le gr\u00e8s<\/strong> (cuisson \u00e0 haute temp\u00e9rature).<\/p>\n<p align=\"LEFT\">Je travaille du gr\u00e8s de Saint-Amand, extrait dans le Berry \u00e0 Saint-Amand-en-Puisaye (58). C&rsquo;est un gr\u00e8s gris fonc\u00e9 quand il est cru et qui devient gris clair apr\u00e8s cuisson. Pour certaines pi\u00e8ces, la terre est chamott\u00e9e : elle contient des fragments de gr\u00e8s d\u00e9j\u00e0 cuits et broy\u00e9s qui lui conf\u00e8re une meilleure r\u00e9sistance physique aux chocs thermiques et une patine l\u00e9g\u00e8rement granuleuse, diff\u00e9rente du gr\u00e8s lisse non chamott\u00e9.<\/p>\n[\/vc_column_text][\/vc_column][vc_column width=\u00a0\u00bb1\/2&Prime;][vc_empty_space][vc_single_image image=\u00a0\u00bb11071&Prime; img_size=\u00a0\u00bblarge\u00a0\u00bb add_caption=\u00a0\u00bbyes\u00a0\u00bb alignment=\u00a0\u00bbcenter\u00a0\u00bb][\/vc_column][\/vc_row][vc_row center_bck_image=\u00a0\u00bbno\u00a0\u00bb][vc_column][vc_empty_space height=\u00a0\u00bb60px\u00a0\u00bb][\/vc_column][\/vc_row][vc_row center_bck_image=\u00a0\u00bbno\u00a0\u00bb][vc_column width=\u00a0\u00bb1\/2&Prime;][vc_empty_space][vc_single_image image=\u00a0\u00bb11306&Prime; img_size=\u00a0\u00bblarge\u00a0\u00bb][\/vc_column][vc_column width=\u00a0\u00bb1\/2&Prime;][vc_column_text]\n<h1 align=\"LEFT\">Le Fa\u00e7onnage<\/h1>\n<p align=\"LEFT\">Le potier donne une forme \u00e0 la terre. Pour cela, plusieurs techniques existent selon le type d&rsquo;objet souhait\u00e9 :<\/p>\n<p align=\"LEFT\">&#8211;<strong> le tournage<\/strong>, pour toutes les pi\u00e8ces rondes (bols, pichets, saladiers, th\u00e9i\u00e8res&#8230;), est une lutte \u00e9ternelle opposant la force centrip\u00e8te \u00e0 la force centrifuge. Le potier guide la terre au sein de cette lutte \u00e0 l&rsquo;aide d&rsquo;eau et de d\u00e9licatesse : l&rsquo;eau pour la mall\u00e9abilit\u00e9 de la terre, la d\u00e9licatesse pour le maintien de l&rsquo;\u00e9quilibre pr\u00e9caire entre les forces.<\/p>\n<p align=\"LEFT\">&#8211; <strong>la plaque<\/strong>, pour les pi\u00e8ces carr\u00e9es ou de forme particuli\u00e8re, consiste \u00e0 former des plaques de terre de l&rsquo;\u00e9paisseur d\u00e9sir\u00e9e soit \u00e0 l&rsquo;aide d&rsquo;un rouleau \u00e0 p\u00e2tisserie, soit avec un laminoir. Ces plaques, une fois coup\u00e9es, sont agenc\u00e9es entre elles et \u00ab\u00a0soud\u00e9es\u00a0\u00bb gr\u00e2ce \u00e0 de la barbotine (terre dilu\u00e9e \u00e0 l&rsquo;eau) pour former des bains \u00e0 oiseaux, des plats \u00e0 tartes, des saladiers&#8230;<\/p>\n<p>&#8211; <strong>le modelage dans la masse<\/strong>, pour les petites tasses \u00e0 caf\u00e9 notamment, est s\u00fbrement une des plus anciennes techniques de fa\u00e7onnage. Une boule de terre au creux de la main, un doigt qui creuse et agrandit la cavit\u00e9 : on obtient une tasse.<span style=\"color: #000000;\"><span style=\"font-family: Times New Roman, serif;\"><span style=\"font-size: medium;\"><br \/>\n<\/span><\/span><\/span>[\/vc_column_text][\/vc_column][\/vc_row][vc_row center_bck_image=\u00a0\u00bbno\u00a0\u00bb][vc_column][vc_empty_space height=\u00a0\u00bb60px\u00a0\u00bb][\/vc_column][\/vc_row][vc_row center_bck_image=\u00a0\u00bbno\u00a0\u00bb][vc_column width=\u00a0\u00bb1\/2&Prime;][vc_column_text]\n<h1 align=\"LEFT\">L&rsquo;\u00e9maillage<\/h1>\n<p align=\"LEFT\">L&rsquo;\u00e9mail, aussi appel\u00e9 gla\u00e7ure, colore et durcit la pi\u00e8ce. Il est compos\u00e9 de diff\u00e9rentes mati\u00e8res premi\u00e8res (feldspath, silice, craie&#8230;) et de colorants (oxydes m\u00e9talliques, cendres de bois&#8230;). Ceux-ci se pr\u00e9sentent sous la forme de poudres que l&rsquo;on dissout dans l&rsquo;eau en suivant des proportions pr\u00e9cises. Ensuite, ce m\u00e9lange est appliqu\u00e9 sur les pi\u00e8ces, par trempage ou \u00e0 la louche (comme c&rsquo;est le cas \u00e0 l&rsquo;atelier) ou \u00e0 l&rsquo;a\u00e9rosol, au pinceau&#8230;<\/p>\n<p align=\"LEFT\">Il est possible de d\u00e9corer une pi\u00e8ce en posant un engobe avant la cuisson d\u00e9gourdi mais aussi avec d&rsquo;autres techniques (pose de feuilles d&rsquo;or, peinture sous \u00e9mail, peinture sur \u00e9mail&#8230;).<\/p>\n[\/vc_column_text][\/vc_column][vc_column width=\u00a0\u00bb1\/2&Prime;][vc_empty_space][vc_single_image image=\u00a0\u00bb11151&Prime; img_size=\u00a0\u00bblarge\u00a0\u00bb][\/vc_column][\/vc_row][vc_row center_bck_image=\u00a0\u00bbno\u00a0\u00bb][vc_column][vc_empty_space height=\u00a0\u00bb60px\u00a0\u00bb][\/vc_column][\/vc_row][vc_row center_bck_image=\u00a0\u00bbno\u00a0\u00bb][vc_column width=\u00a0\u00bb1\/2&Prime;][vc_empty_space][vc_single_image image=\u00a0\u00bb11143&Prime; img_size=\u00a0\u00bblarge\u00a0\u00bb][\/vc_column][vc_column width=\u00a0\u00bb1\/2&Prime;][vc_column_text]\n<h1 align=\"LEFT\">La Cuisson<\/h1>\n<p align=\"LEFT\">Il existe plusieurs types de cuisson en poterie : au gaz, au bois, au sel, de type raku, primitives, mono-cuisson&#8230; Pour ma part, j\u2019utilise un four de potier \u00e9lectrique pouvant monter \u00e0 1300\u00b0C.<\/p>\n<p align=\"LEFT\"><strong>Une premi\u00e8re cuisson<\/strong> intervient apr\u00e8s le fa\u00e7onnage. Une fois s\u00e8ches, les pi\u00e8ces sont enfourn\u00e9es pour la cuisson biscuit (ou d\u00e9gourdi) qui monte \u00e0 980\u00b0C en 9 heures. La terre est encore poreuse \u00e0 la sortie de cette cuisson.<\/p>\n<p align=\"LEFT\"><strong>Une deuxi\u00e8me cuisson<\/strong> intervient apr\u00e8s l&rsquo;\u00e9maillage pour \u00ab\u00a0fermer\u00a0\u00bb la terre (pour le gr\u00e8s et la porcelaine), elle devient ainsi compl\u00e8tement imperm\u00e9able. La temp\u00e9rature monte \u00e0 1240\u00b0C en 12 heures. La chaleur fait fondre les composants de l&rsquo;\u00e9mail et le vitrifie. 36 heures plus tard, on peut ouvrir le four et sortir les pi\u00e8ces finies.<\/p>\n<p align=\"LEFT\">Certains c\u00e9ramistes peuvent faire une troisi\u00e8me voire une quatri\u00e8me cuisson selon les techniques utilis\u00e9es.<span style=\"color: #000000;\"><span style=\"font-family: Times New Roman, serif;\"><span style=\"font-size: medium;\"><br \/>\n<\/span><\/span><\/span><\/p>\n[\/vc_column_text][\/vc_column][\/vc_row][vc_row center_bck_image=\u00a0\u00bbno\u00a0\u00bb][vc_column][vc_empty_space height=\u00a0\u00bb64px\u00a0\u00bb]<div class=\"eltd-image-gallery\">\n\t<div class=\"eltd-image-gallery-grid clearfix eltd-gallery-columns-3 eltd-grayscale\" >\n\t\t\t\t\t<div class=\"eltd-gallery-image\">\n\t\t\t\t\t\t\t\t\t<a href=\"http:\/\/latelierdelabarbastelle.fr\/wp-content\/uploads\/2022\/01\/2-dragon.jpg\" data-rel=\"prettyPhoto[single_pretty_photo]\" title=\"dragon\">\n\t\t\t\t\t\t\t\t\t\t\t\t\t\t\t<img loading=\"lazy\" decoding=\"async\" width=\"1024\" height=\"724\" src=\"http:\/\/latelierdelabarbastelle.fr\/wp-content\/uploads\/2022\/01\/2-dragon-1024x724.jpg\" class=\"attachment-large size-large\" alt=\"\" srcset=\"http:\/\/latelierdelabarbastelle.fr\/wp-content\/uploads\/2022\/01\/2-dragon-1024x724.jpg 1024w, http:\/\/latelierdelabarbastelle.fr\/wp-content\/uploads\/2022\/01\/2-dragon-300x212.jpg 300w, http:\/\/latelierdelabarbastelle.fr\/wp-content\/uploads\/2022\/01\/2-dragon-768x543.jpg 768w, http:\/\/latelierdelabarbastelle.fr\/wp-content\/uploads\/2022\/01\/2-dragon-1536x1086.jpg 1536w, http:\/\/latelierdelabarbastelle.fr\/wp-content\/uploads\/2022\/01\/2-dragon.jpg 1754w\" sizes=\"auto, (max-width: 1024px) 100vw, 1024px\" \/>\t\t\t\t\t\t\t\t\t\t\t\t\t\t<\/a>\n\t\t\t\t\t\t<\/div>\n\t\t\t\t\t<div class=\"eltd-gallery-image\">\n\t\t\t\t\t\t\t\t\t<a href=\"http:\/\/latelierdelabarbastelle.fr\/wp-content\/uploads\/2022\/01\/1-email%20r2.jpg\" data-rel=\"prettyPhoto[single_pretty_photo]\" title=\"email r2\">\n\t\t\t\t\t\t\t\t\t\t\t\t\t\t\t<img loading=\"lazy\" decoding=\"async\" width=\"1024\" height=\"724\" src=\"http:\/\/latelierdelabarbastelle.fr\/wp-content\/uploads\/2022\/01\/1-email r2-1024x724.jpg\" class=\"attachment-large size-large\" alt=\"\" srcset=\"http:\/\/latelierdelabarbastelle.fr\/wp-content\/uploads\/2022\/01\/1-email%20r2-1024x724.jpg 1024w, http:\/\/latelierdelabarbastelle.fr\/wp-content\/uploads\/2022\/01\/1-email%20r2-300x212.jpg 300w, http:\/\/latelierdelabarbastelle.fr\/wp-content\/uploads\/2022\/01\/1-email%20r2-768x543.jpg 768w, http:\/\/latelierdelabarbastelle.fr\/wp-content\/uploads\/2022\/01\/1-email%20r2-1536x1086.jpg 1536w, http:\/\/latelierdelabarbastelle.fr\/wp-content\/uploads\/2022\/01\/1-email%20r2.jpg 1754w\" sizes=\"auto, (max-width: 1024px) 100vw, 1024px\" \/>\t\t\t\t\t\t\t\t\t\t\t\t\t\t<\/a>\n\t\t\t\t\t\t<\/div>\n\t\t\t\t\t<div class=\"eltd-gallery-image\">\n\t\t\t\t\t\t\t\t\t<a href=\"http:\/\/latelierdelabarbastelle.fr\/wp-content\/uploads\/2022\/01\/email.jpg\" data-rel=\"prettyPhoto[single_pretty_photo]\" title=\"email\">\n\t\t\t\t\t\t\t\t\t\t\t\t\t\t\t<img loading=\"lazy\" decoding=\"async\" width=\"1024\" height=\"724\" src=\"http:\/\/latelierdelabarbastelle.fr\/wp-content\/uploads\/2022\/01\/email-1024x724.jpg\" class=\"attachment-large size-large\" alt=\"\" srcset=\"http:\/\/latelierdelabarbastelle.fr\/wp-content\/uploads\/2022\/01\/email-1024x724.jpg 1024w, http:\/\/latelierdelabarbastelle.fr\/wp-content\/uploads\/2022\/01\/email-300x212.jpg 300w, http:\/\/latelierdelabarbastelle.fr\/wp-content\/uploads\/2022\/01\/email-768x543.jpg 768w, http:\/\/latelierdelabarbastelle.fr\/wp-content\/uploads\/2022\/01\/email-1536x1086.jpg 1536w, http:\/\/latelierdelabarbastelle.fr\/wp-content\/uploads\/2022\/01\/email.jpg 1754w\" sizes=\"auto, (max-width: 1024px) 100vw, 1024px\" \/>\t\t\t\t\t\t\t\t\t\t\t\t\t\t<\/a>\n\t\t\t\t\t\t<\/div>\n\t\t\t\t\t<div class=\"eltd-gallery-image\">\n\t\t\t\t\t\t\t\t\t<a href=\"http:\/\/latelierdelabarbastelle.fr\/wp-content\/uploads\/2022\/01\/defournement.jpg\" data-rel=\"prettyPhoto[single_pretty_photo]\" title=\"defournement\">\n\t\t\t\t\t\t\t\t\t\t\t\t\t\t\t<img loading=\"lazy\" decoding=\"async\" width=\"1024\" height=\"724\" src=\"http:\/\/latelierdelabarbastelle.fr\/wp-content\/uploads\/2022\/01\/defournement-1024x724.jpg\" class=\"attachment-large size-large\" alt=\"\" srcset=\"http:\/\/latelierdelabarbastelle.fr\/wp-content\/uploads\/2022\/01\/defournement-1024x724.jpg 1024w, http:\/\/latelierdelabarbastelle.fr\/wp-content\/uploads\/2022\/01\/defournement-300x212.jpg 300w, http:\/\/latelierdelabarbastelle.fr\/wp-content\/uploads\/2022\/01\/defournement-768x543.jpg 768w, http:\/\/latelierdelabarbastelle.fr\/wp-content\/uploads\/2022\/01\/defournement-1536x1086.jpg 1536w, http:\/\/latelierdelabarbastelle.fr\/wp-content\/uploads\/2022\/01\/defournement.jpg 1754w\" sizes=\"auto, (max-width: 1024px) 100vw, 1024px\" \/>\t\t\t\t\t\t\t\t\t\t\t\t\t\t<\/a>\n\t\t\t\t\t\t<\/div>\n\t\t\t\t\t<div class=\"eltd-gallery-image\">\n\t\t\t\t\t\t\t\t\t<a href=\"http:\/\/latelierdelabarbastelle.fr\/wp-content\/uploads\/2022\/01\/arapede-rouge.jpg\" data-rel=\"prettyPhoto[single_pretty_photo]\" title=\"arapede rouge\">\n\t\t\t\t\t\t\t\t\t\t\t\t\t\t\t<img loading=\"lazy\" decoding=\"async\" width=\"1024\" height=\"724\" src=\"http:\/\/latelierdelabarbastelle.fr\/wp-content\/uploads\/2022\/01\/arapede-rouge-1024x724.jpg\" class=\"attachment-large size-large\" alt=\"\" srcset=\"http:\/\/latelierdelabarbastelle.fr\/wp-content\/uploads\/2022\/01\/arapede-rouge-1024x724.jpg 1024w, http:\/\/latelierdelabarbastelle.fr\/wp-content\/uploads\/2022\/01\/arapede-rouge-300x212.jpg 300w, http:\/\/latelierdelabarbastelle.fr\/wp-content\/uploads\/2022\/01\/arapede-rouge-768x543.jpg 768w, http:\/\/latelierdelabarbastelle.fr\/wp-content\/uploads\/2022\/01\/arapede-rouge-1536x1086.jpg 1536w, http:\/\/latelierdelabarbastelle.fr\/wp-content\/uploads\/2022\/01\/arapede-rouge.jpg 1754w\" sizes=\"auto, (max-width: 1024px) 100vw, 1024px\" \/>\t\t\t\t\t\t\t\t\t\t\t\t\t\t<\/a>\n\t\t\t\t\t\t<\/div>\n\t\t\t\t\t<div class=\"eltd-gallery-image\">\n\t\t\t\t\t\t\t\t\t<a href=\"http:\/\/latelierdelabarbastelle.fr\/wp-content\/uploads\/2022\/01\/email-b.jpg\" data-rel=\"prettyPhoto[single_pretty_photo]\" title=\"email b\">\n\t\t\t\t\t\t\t\t\t\t\t\t\t\t\t<img loading=\"lazy\" decoding=\"async\" width=\"1024\" height=\"724\" src=\"http:\/\/latelierdelabarbastelle.fr\/wp-content\/uploads\/2022\/01\/email-b-1024x724.jpg\" class=\"attachment-large size-large\" alt=\"\" srcset=\"http:\/\/latelierdelabarbastelle.fr\/wp-content\/uploads\/2022\/01\/email-b-1024x724.jpg 1024w, http:\/\/latelierdelabarbastelle.fr\/wp-content\/uploads\/2022\/01\/email-b-300x212.jpg 300w, http:\/\/latelierdelabarbastelle.fr\/wp-content\/uploads\/2022\/01\/email-b-768x543.jpg 768w, http:\/\/latelierdelabarbastelle.fr\/wp-content\/uploads\/2022\/01\/email-b-1536x1086.jpg 1536w, http:\/\/latelierdelabarbastelle.fr\/wp-content\/uploads\/2022\/01\/email-b.jpg 1754w\" sizes=\"auto, (max-width: 1024px) 100vw, 1024px\" \/>\t\t\t\t\t\t\t\t\t\t\t\t\t\t<\/a>\n\t\t\t\t\t\t<\/div>\n\t\t\t\t\t<div class=\"eltd-gallery-image\">\n\t\t\t\t\t\t\t\t\t<a href=\"http:\/\/latelierdelabarbastelle.fr\/wp-content\/uploads\/2022\/01\/noctule-verte2.jpg\" data-rel=\"prettyPhoto[single_pretty_photo]\" title=\"noctule verte2\">\n\t\t\t\t\t\t\t\t\t\t\t\t\t\t\t<img loading=\"lazy\" decoding=\"async\" width=\"1024\" height=\"724\" src=\"http:\/\/latelierdelabarbastelle.fr\/wp-content\/uploads\/2022\/01\/noctule-verte2-1024x724.jpg\" class=\"attachment-large size-large\" alt=\"\" srcset=\"http:\/\/latelierdelabarbastelle.fr\/wp-content\/uploads\/2022\/01\/noctule-verte2-1024x724.jpg 1024w, http:\/\/latelierdelabarbastelle.fr\/wp-content\/uploads\/2022\/01\/noctule-verte2-300x212.jpg 300w, http:\/\/latelierdelabarbastelle.fr\/wp-content\/uploads\/2022\/01\/noctule-verte2-768x543.jpg 768w, http:\/\/latelierdelabarbastelle.fr\/wp-content\/uploads\/2022\/01\/noctule-verte2-1536x1086.jpg 1536w, http:\/\/latelierdelabarbastelle.fr\/wp-content\/uploads\/2022\/01\/noctule-verte2.jpg 1754w\" sizes=\"auto, (max-width: 1024px) 100vw, 1024px\" \/>\t\t\t\t\t\t\t\t\t\t\t\t\t\t<\/a>\n\t\t\t\t\t\t<\/div>\n\t\t\t\t\t<div class=\"eltd-gallery-image\">\n\t\t\t\t\t\t\t\t\t<a href=\"http:\/\/latelierdelabarbastelle.fr\/wp-content\/uploads\/2022\/01\/email-vert.jpg\" data-rel=\"prettyPhoto[single_pretty_photo]\" title=\"email vert\">\n\t\t\t\t\t\t\t\t\t\t\t\t\t\t\t<img loading=\"lazy\" decoding=\"async\" width=\"724\" height=\"1024\" src=\"http:\/\/latelierdelabarbastelle.fr\/wp-content\/uploads\/2022\/01\/email-vert-724x1024.jpg\" class=\"attachment-large size-large\" alt=\"\" srcset=\"http:\/\/latelierdelabarbastelle.fr\/wp-content\/uploads\/2022\/01\/email-vert-724x1024.jpg 724w, http:\/\/latelierdelabarbastelle.fr\/wp-content\/uploads\/2022\/01\/email-vert-212x300.jpg 212w, http:\/\/latelierdelabarbastelle.fr\/wp-content\/uploads\/2022\/01\/email-vert-768x1086.jpg 768w, http:\/\/latelierdelabarbastelle.fr\/wp-content\/uploads\/2022\/01\/email-vert-1086x1536.jpg 1086w, http:\/\/latelierdelabarbastelle.fr\/wp-content\/uploads\/2022\/01\/email-vert-600x850.jpg 600w, http:\/\/latelierdelabarbastelle.fr\/wp-content\/uploads\/2022\/01\/email-vert.jpg 1240w\" sizes=\"auto, (max-width: 724px) 100vw, 724px\" \/>\t\t\t\t\t\t\t\t\t\t\t\t\t\t<\/a>\n\t\t\t\t\t\t<\/div>\n\t\t\t\t\t<div class=\"eltd-gallery-image\">\n\t\t\t\t\t\t\t\t\t<a href=\"http:\/\/latelierdelabarbastelle.fr\/wp-content\/uploads\/2022\/01\/palourde-verte.jpg\" data-rel=\"prettyPhoto[single_pretty_photo]\" title=\"palourde verte\">\n\t\t\t\t\t\t\t\t\t\t\t\t\t\t\t<img loading=\"lazy\" decoding=\"async\" width=\"724\" height=\"1024\" src=\"http:\/\/latelierdelabarbastelle.fr\/wp-content\/uploads\/2022\/01\/palourde-verte-724x1024.jpg\" class=\"attachment-large size-large\" alt=\"\" srcset=\"http:\/\/latelierdelabarbastelle.fr\/wp-content\/uploads\/2022\/01\/palourde-verte-724x1024.jpg 724w, http:\/\/latelierdelabarbastelle.fr\/wp-content\/uploads\/2022\/01\/palourde-verte-212x300.jpg 212w, http:\/\/latelierdelabarbastelle.fr\/wp-content\/uploads\/2022\/01\/palourde-verte-768x1086.jpg 768w, http:\/\/latelierdelabarbastelle.fr\/wp-content\/uploads\/2022\/01\/palourde-verte-1086x1536.jpg 1086w, http:\/\/latelierdelabarbastelle.fr\/wp-content\/uploads\/2022\/01\/palourde-verte-600x850.jpg 600w, http:\/\/latelierdelabarbastelle.fr\/wp-content\/uploads\/2022\/01\/palourde-verte.jpg 1240w\" sizes=\"auto, (max-width: 724px) 100vw, 724px\" \/>\t\t\t\t\t\t\t\t\t\t\t\t\t\t<\/a>\n\t\t\t\t\t\t<\/div>\n\t\t\t<\/div>\n<\/div>[\/vc_column][\/vc_row][vc_row center_bck_image=\u00a0\u00bbno\u00a0\u00bb][vc_column][\/vc_column][\/vc_row]\n","protected":false},"excerpt":{"rendered":"<p>[vc_row center_bck_image=\u00a0\u00bbno\u00a0\u00bb][vc_column][vc_column_text]L&rsquo;atelier utilise des techniques artisanales : chaque pi\u00e8ce est unique et passe au minimum 9 fois entre les mains du potier au cours de sa fabrication. Toutes ces techniques demandent du temps et de la patience. [\/vc_column_text][\/vc_column][\/vc_row][vc_row center_bck_image=\u00a0\u00bbno\u00a0\u00bb][vc_column width=\u00a0\u00bb1\/2&Prime;][vc_column_text] La Terre La terre est&#8230;<\/p>\n","protected":false},"author":1,"featured_media":0,"parent":3526,"menu_order":0,"comment_status":"closed","ping_status":"closed","template":"","meta":{"footnotes":""},"class_list":["post-3532","page","type-page","status-publish","hentry"],"_links":{"self":[{"href":"http:\/\/latelierdelabarbastelle.fr\/index.php\/wp-json\/wp\/v2\/pages\/3532","targetHints":{"allow":["GET"]}}],"collection":[{"href":"http:\/\/latelierdelabarbastelle.fr\/index.php\/wp-json\/wp\/v2\/pages"}],"about":[{"href":"http:\/\/latelierdelabarbastelle.fr\/index.php\/wp-json\/wp\/v2\/types\/page"}],"author":[{"embeddable":true,"href":"http:\/\/latelierdelabarbastelle.fr\/index.php\/wp-json\/wp\/v2\/users\/1"}],"replies":[{"embeddable":true,"href":"http:\/\/latelierdelabarbastelle.fr\/index.php\/wp-json\/wp\/v2\/comments?post=3532"}],"version-history":[{"count":46,"href":"http:\/\/latelierdelabarbastelle.fr\/index.php\/wp-json\/wp\/v2\/pages\/3532\/revisions"}],"predecessor-version":[{"id":11069,"href":"http:\/\/latelierdelabarbastelle.fr\/index.php\/wp-json\/wp\/v2\/pages\/3532\/revisions\/11069"}],"up":[{"embeddable":true,"href":"http:\/\/latelierdelabarbastelle.fr\/index.php\/wp-json\/wp\/v2\/pages\/3526"}],"wp:attachment":[{"href":"http:\/\/latelierdelabarbastelle.fr\/index.php\/wp-json\/wp\/v2\/media?parent=3532"}],"curies":[{"name":"wp","href":"https:\/\/api.w.org\/{rel}","templated":true}]}}