{"id":3535,"date":"2021-10-14T17:06:36","date_gmt":"2021-10-14T15:06:36","guid":{"rendered":"http:\/\/latelierdelabarbastelle.fr\/?page_id=3535"},"modified":"2022-05-12T18:55:58","modified_gmt":"2022-05-12T16:55:58","slug":"le-potier","status":"publish","type":"page","link":"http:\/\/latelierdelabarbastelle.fr\/index.php\/latelier\/le-potier\/","title":{"rendered":"Le potier"},"content":{"rendered":"[vc_row center_bck_image=\u00a0\u00bbno\u00a0\u00bb][vc_column width=\u00a0\u00bb1\/2&Prime;][vc_column_text]\n<p align=\"LEFT\"><span style=\"font-family: Times New Roman, serif;\"><span style=\"font-size: medium;\">Originaire d&rsquo;Avignon, j&rsquo;ai travaill\u00e9 dix ans dans la gestion et la pr\u00e9servation de la biodiversit\u00e9 en Provence, en Auvergne et dans le Jura. Le besoin d&rsquo;ind\u00e9pendance et une envie de cr\u00e9er avec mes mains se sont faits ressentir au fil des ann\u00e9es.<\/span><\/span><\/p>\n<p align=\"LEFT\"><span style=\"font-family: Times New Roman, serif;\"><span style=\"font-size: medium;\">J&rsquo;ai v\u00e9cu ma premi\u00e8re exp\u00e9rience dans la terre lors d&rsquo;un stage de tournage d&rsquo;une semaine en 2013 en Corr\u00e8ze. Puis j&rsquo;ai rencontr\u00e9 Jean-Pierre Bonardot dans le Jura : cet artisan m&rsquo;a ouvert son atelier pour que je m&rsquo;essaye \u00e0 la terre. Pendant 2 ans, j&rsquo;ai eu la chance de pouvoir apprendre, tester, progresser, me faire une id\u00e9e du m\u00e9tier.<\/span><\/span><\/p>\n<p align=\"LEFT\"><span style=\"font-family: Times New Roman, serif;\"><span style=\"font-size: medium;\">En 2018, est n\u00e9 mon projet de reconversion, un changement de cap. C&rsquo;est ainsi que j\u2019ai cr\u00e9\u00e9 l&rsquo;atelier de la barbastelle (du nom d&rsquo;une chauve-souris foresti\u00e8re) en 2020 dans le Jura.<\/span><\/span><\/p>\n[\/vc_column_text][\/vc_column][vc_column width=\u00a0\u00bb1\/2&Prime;][vc_single_image image=\u00a0\u00bb11313&Prime; img_size=\u00a0\u00bblarge\u00a0\u00bb][\/vc_column][\/vc_row]\n","protected":false},"excerpt":{"rendered":"<p>[vc_row center_bck_image=\u00a0\u00bbno\u00a0\u00bb][vc_column width=\u00a0\u00bb1\/2&Prime;][vc_column_text] Originaire d&rsquo;Avignon, j&rsquo;ai travaill\u00e9 dix ans dans la gestion et la pr\u00e9servation de la biodiversit\u00e9 en Provence, en Auvergne et dans le Jura. Le besoin d&rsquo;ind\u00e9pendance et une envie de cr\u00e9er avec mes mains se sont faits ressentir au fil des ann\u00e9es&#8230;.<\/p>\n","protected":false},"author":1,"featured_media":0,"parent":3526,"menu_order":0,"comment_status":"closed","ping_status":"closed","template":"","meta":{"footnotes":""},"class_list":["post-3535","page","type-page","status-publish","hentry"],"_links":{"self":[{"href":"http:\/\/latelierdelabarbastelle.fr\/index.php\/wp-json\/wp\/v2\/pages\/3535","targetHints":{"allow":["GET"]}}],"collection":[{"href":"http:\/\/latelierdelabarbastelle.fr\/index.php\/wp-json\/wp\/v2\/pages"}],"about":[{"href":"http:\/\/latelierdelabarbastelle.fr\/index.php\/wp-json\/wp\/v2\/types\/page"}],"author":[{"embeddable":true,"href":"http:\/\/latelierdelabarbastelle.fr\/index.php\/wp-json\/wp\/v2\/users\/1"}],"replies":[{"embeddable":true,"href":"http:\/\/latelierdelabarbastelle.fr\/index.php\/wp-json\/wp\/v2\/comments?post=3535"}],"version-history":[{"count":8,"href":"http:\/\/latelierdelabarbastelle.fr\/index.php\/wp-json\/wp\/v2\/pages\/3535\/revisions"}],"predecessor-version":[{"id":11082,"href":"http:\/\/latelierdelabarbastelle.fr\/index.php\/wp-json\/wp\/v2\/pages\/3535\/revisions\/11082"}],"up":[{"embeddable":true,"href":"http:\/\/latelierdelabarbastelle.fr\/index.php\/wp-json\/wp\/v2\/pages\/3526"}],"wp:attachment":[{"href":"http:\/\/latelierdelabarbastelle.fr\/index.php\/wp-json\/wp\/v2\/media?parent=3535"}],"curies":[{"name":"wp","href":"https:\/\/api.w.org\/{rel}","templated":true}]}}