{"id":3538,"date":"2021-10-14T17:07:21","date_gmt":"2021-10-14T15:07:21","guid":{"rendered":"http:\/\/latelierdelabarbastelle.fr\/?page_id=3538"},"modified":"2023-03-15T12:21:28","modified_gmt":"2023-03-15T11:21:28","slug":"creations","status":"publish","type":"page","link":"http:\/\/latelierdelabarbastelle.fr\/index.php\/creations\/","title":{"rendered":"Cr\u00e9ations"},"content":{"rendered":"[vc_row center_bck_image=\u00a0\u00bbno\u00a0\u00bb][vc_column][vc_column_text css_animation=\u00a0\u00bbfadeIn\u00a0\u00bb]L&rsquo;atelier cr\u00e9e des poteries en gr\u00e8s \u00e9maill\u00e9 en gardant une partie brute pour diversifier les textures et mettre en avant la mati\u00e8re qu&rsquo;est la terre.<\/p>\n<p>Formes, tailles et destinations sont multiples. Les styles varient de mod\u00e8les en mod\u00e8les allant des plus classiques aux plus originaux m\u00ealant formes, d\u00e9coupes, et sculptures h\u00e9t\u00e9roclites. Une partie des cr\u00e9ations est inspir\u00e9e dans sa forme ou son utilit\u00e9 par la biodiversit\u00e9 qui m&rsquo;entoure.<\/p>\n<p>Trois grands types de pi\u00e8ces peuvent \u00eatre d\u00e9finis selon leur destination : les pi\u00e8ces d\u00e9coratives, les pi\u00e8ces de vaisselle et les pi\u00e8ces allant \u00e0 l&rsquo;ext\u00e9rieur pour les bestioles.[\/vc_column_text][\/vc_column][\/vc_row][vc_row center_bck_image=\u00a0\u00bbno\u00a0\u00bb][vc_column][vc_empty_space height=\u00a0\u00bb60px\u00a0\u00bb][\/vc_column][\/vc_row][vc_row center_bck_image=\u00a0\u00bbno\u00a0\u00bb][vc_column]<div class=\"eltd-interactive-images eltd-ii-three-columns eltd-appear-effect  eltd-one-by-one\" ><div class=\"eltd-interactive-image-holder\">\n\t<div class=\"eltd-interactive-image\">\n\t\t\t\t\t<a href=\"http:\/\/latelierdelabarbastelle.fr\/index.php\/portfolio-item\/portfolio-decoratif\/\" target=\"_self\"><\/a>\n\t\t\t\t<div class=\"eltd-interactive-image-inner\">\n\t\t\t<div class=\"eltd-ii-front-holder\">\n                <img \tclass=\"eltd-lazy-image\" \n                \t\tsrc=\"#\" \n                \t\talt=\"http:\/\/nid%20bleu\" \n                \t\tdata-image=\"http:\/\/latelierdelabarbastelle.fr\/wp-content\/uploads\/2022\/01\/nid-bleu.jpg\" style=\"width:1240px;height:1px\"                \t\tdata-ratio=\"1.4145161290323\" \n                \t\tdata-lazy=\"true\" \/>\n\t\t\t<\/div>\n\t\t\t<div class=\"eltd-ii-back-holder\" >\n\t\t\t\t<div class=\"eltd-ii-back-holder-inner\">\n\t\t\t\t\t<h3 class=\"eltd-ii-title\" >D\u00e9coratif<\/h3>\n\t\t\t\t\t<p class=\"eltd-ii-tagline\" ><\/p>\n\t\t\t\t<\/div>\n\t\t\t\t<div class=\"eltd-ii-back-holder-image eltd-lazy-image\" data-image=\"http:\/\/latelierdelabarbastelle.fr\/wp-content\/uploads\/2022\/01\/nid-bleu.jpg\" data-lazy='true'><\/div>\n\t\t\t<\/div>\n\t\t<\/div>\n\t<\/div>\n<\/div><div class=\"eltd-interactive-image-holder\">\n\t<div class=\"eltd-interactive-image\">\n\t\t\t\t\t<a href=\"http:\/\/latelierdelabarbastelle.fr\/index.php\/portfolio-item\/portfolio-vaisselle\/\" target=\"_self\"><\/a>\n\t\t\t\t<div class=\"eltd-interactive-image-inner\">\n\t\t\t<div class=\"eltd-ii-front-holder\">\n                <img \tclass=\"eltd-lazy-image\" \n                \t\tsrc=\"#\" \n                \t\talt=\"http:\/\/palourdes%20bleues%202\" \n                \t\tdata-image=\"http:\/\/latelierdelabarbastelle.fr\/wp-content\/uploads\/2022\/01\/palourdes-bleues-2.jpg\" style=\"width:1240px;height:1px\"                \t\tdata-ratio=\"1.4145161290323\" \n                \t\tdata-lazy=\"true\" \/>\n\t\t\t<\/div>\n\t\t\t<div class=\"eltd-ii-back-holder\" >\n\t\t\t\t<div class=\"eltd-ii-back-holder-inner\">\n\t\t\t\t\t<h3 class=\"eltd-ii-title\" >Vaisselle<\/h3>\n\t\t\t\t\t<p class=\"eltd-ii-tagline\" ><\/p>\n\t\t\t\t<\/div>\n\t\t\t\t<div class=\"eltd-ii-back-holder-image eltd-lazy-image\" data-image=\"http:\/\/latelierdelabarbastelle.fr\/wp-content\/uploads\/2022\/01\/palourdes-bleues-2.jpg\" data-lazy='true'><\/div>\n\t\t\t<\/div>\n\t\t<\/div>\n\t<\/div>\n<\/div><div class=\"eltd-interactive-image-holder\">\n\t<div class=\"eltd-interactive-image\">\n\t\t\t\t\t<a href=\"http:\/\/latelierdelabarbastelle.fr\/index.php\/portfolio-item\/pour-les-bestioles\/\" target=\"_self\"><\/a>\n\t\t\t\t<div class=\"eltd-interactive-image-inner\">\n\t\t\t<div class=\"eltd-ii-front-holder\">\n                <img \tclass=\"eltd-lazy-image\" \n                \t\tsrc=\"#\" \n                \t\talt=\"http:\/\/poisson\" \n                \t\tdata-image=\"http:\/\/latelierdelabarbastelle.fr\/wp-content\/uploads\/2022\/01\/poisson.jpg\" style=\"width:1240px;height:1px\"                \t\tdata-ratio=\"1.4145161290323\" \n                \t\tdata-lazy=\"true\" \/>\n\t\t\t<\/div>\n\t\t\t<div class=\"eltd-ii-back-holder\" >\n\t\t\t\t<div class=\"eltd-ii-back-holder-inner\">\n\t\t\t\t\t<h3 class=\"eltd-ii-title\" >Pour les bestioles<\/h3>\n\t\t\t\t\t<p class=\"eltd-ii-tagline\" ><\/p>\n\t\t\t\t<\/div>\n\t\t\t\t<div class=\"eltd-ii-back-holder-image eltd-lazy-image\" data-image=\"http:\/\/latelierdelabarbastelle.fr\/wp-content\/uploads\/2022\/01\/poisson.jpg\" data-lazy='true'><\/div>\n\t\t\t<\/div>\n\t\t<\/div>\n\t<\/div>\n<\/div><\/div>[\/vc_column][\/vc_row]\n","protected":false},"excerpt":{"rendered":"<p>[vc_row center_bck_image=\u00a0\u00bbno\u00a0\u00bb][vc_column][vc_column_text css_animation=\u00a0\u00bbfadeIn\u00a0\u00bb]L&rsquo;atelier cr\u00e9e des poteries en gr\u00e8s \u00e9maill\u00e9 en gardant une partie brute pour diversifier les textures et mettre en avant la mati\u00e8re qu&rsquo;est la terre. Formes, tailles et destinations sont multiples. Les styles varient de mod\u00e8les en mod\u00e8les allant des plus classiques aux&#8230;<\/p>\n","protected":false},"author":1,"featured_media":0,"parent":0,"menu_order":0,"comment_status":"closed","ping_status":"closed","template":"","meta":{"footnotes":""},"class_list":["post-3538","page","type-page","status-publish","hentry"],"_links":{"self":[{"href":"http:\/\/latelierdelabarbastelle.fr\/index.php\/wp-json\/wp\/v2\/pages\/3538","targetHints":{"allow":["GET"]}}],"collection":[{"href":"http:\/\/latelierdelabarbastelle.fr\/index.php\/wp-json\/wp\/v2\/pages"}],"about":[{"href":"http:\/\/latelierdelabarbastelle.fr\/index.php\/wp-json\/wp\/v2\/types\/page"}],"author":[{"embeddable":true,"href":"http:\/\/latelierdelabarbastelle.fr\/index.php\/wp-json\/wp\/v2\/users\/1"}],"replies":[{"embeddable":true,"href":"http:\/\/latelierdelabarbastelle.fr\/index.php\/wp-json\/wp\/v2\/comments?post=3538"}],"version-history":[{"count":25,"href":"http:\/\/latelierdelabarbastelle.fr\/index.php\/wp-json\/wp\/v2\/pages\/3538\/revisions"}],"predecessor-version":[{"id":11347,"href":"http:\/\/latelierdelabarbastelle.fr\/index.php\/wp-json\/wp\/v2\/pages\/3538\/revisions\/11347"}],"wp:attachment":[{"href":"http:\/\/latelierdelabarbastelle.fr\/index.php\/wp-json\/wp\/v2\/media?parent=3538"}],"curies":[{"name":"wp","href":"https:\/\/api.w.org\/{rel}","templated":true}]}}