{"id":3583,"date":"2021-11-22T18:10:05","date_gmt":"2021-11-22T17:10:05","guid":{"rendered":"http:\/\/latelierdelabarbastelle.fr\/?page_id=3583"},"modified":"2022-02-18T12:12:54","modified_gmt":"2022-02-18T11:12:54","slug":"contact-et-actualites","status":"publish","type":"page","link":"http:\/\/latelierdelabarbastelle.fr\/index.php\/contact-et-actualites\/","title":{"rendered":"Contact"},"content":{"rendered":"<p>Pour me contacter, je vous invite \u00e0 remplir le formulaire de contact ou \u00e0 envoyer un mail \u00e0 <a href=\"mailto:contact@latelierdelabarbastelle.fr\">contact@latelierdelabarbastelle.fr<\/a><\/p>\n\n<div class=\"wpcf7 no-js\" id=\"wpcf7-f3586-o1\" lang=\"fr-FR\" dir=\"ltr\" data-wpcf7-id=\"3586\">\n<div class=\"screen-reader-response\"><p role=\"status\" aria-live=\"polite\" aria-atomic=\"true\"><\/p> <ul><\/ul><\/div>\n<form action=\"\/index.php\/wp-json\/wp\/v2\/pages\/3583#wpcf7-f3586-o1\" method=\"post\" class=\"wpcf7-form init\" aria-label=\"Formulaire de contact\" novalidate=\"novalidate\" data-status=\"init\">\n<fieldset class=\"hidden-fields-container\"><input type=\"hidden\" name=\"_wpcf7\" value=\"3586\" \/><input type=\"hidden\" name=\"_wpcf7_version\" value=\"6.1.3\" \/><input type=\"hidden\" name=\"_wpcf7_locale\" value=\"fr_FR\" \/><input type=\"hidden\" name=\"_wpcf7_unit_tag\" value=\"wpcf7-f3586-o1\" \/><input type=\"hidden\" name=\"_wpcf7_container_post\" value=\"0\" \/><input type=\"hidden\" name=\"_wpcf7_posted_data_hash\" value=\"\" \/>\n<\/fieldset>\n<p><label> Votre nom<br \/>\n<span class=\"wpcf7-form-control-wrap\" data-name=\"your-name\"><input size=\"40\" maxlength=\"400\" class=\"wpcf7-form-control wpcf7-text wpcf7-validates-as-required\" aria-required=\"true\" aria-invalid=\"false\" value=\"\" type=\"text\" name=\"your-name\" \/><\/span> <\/label>\n<\/p>\n<p><label> Votre e-mail<br \/>\n<span class=\"wpcf7-form-control-wrap\" data-name=\"your-email\"><input size=\"40\" maxlength=\"400\" class=\"wpcf7-form-control wpcf7-email wpcf7-validates-as-required wpcf7-text wpcf7-validates-as-email\" aria-required=\"true\" aria-invalid=\"false\" value=\"\" type=\"email\" name=\"your-email\" \/><\/span> <\/label>\n<\/p>\n<p><label> Objet<br \/>\n<span class=\"wpcf7-form-control-wrap\" data-name=\"your-subject\"><input size=\"40\" maxlength=\"400\" class=\"wpcf7-form-control wpcf7-text wpcf7-validates-as-required\" aria-required=\"true\" aria-invalid=\"false\" value=\"\" type=\"text\" name=\"your-subject\" \/><\/span> <\/label>\n<\/p>\n<p><label> Votre message (facultatif)<br \/>\n<span class=\"wpcf7-form-control-wrap\" data-name=\"your-message\"><textarea cols=\"40\" rows=\"10\" maxlength=\"2000\" class=\"wpcf7-form-control wpcf7-textarea\" aria-invalid=\"false\" name=\"your-message\"><\/textarea><\/span> <\/label>\n<\/p>\n<p><input class=\"wpcf7-form-control wpcf7-submit has-spinner\" type=\"submit\" value=\"Envoyer\" \/>\n<\/p><p style=\"display: none !important;\" class=\"akismet-fields-container\" data-prefix=\"_wpcf7_ak_\"><label>&#916;<textarea name=\"_wpcf7_ak_hp_textarea\" cols=\"45\" rows=\"8\" maxlength=\"100\"><\/textarea><\/label><input type=\"hidden\" id=\"ak_js_1\" name=\"_wpcf7_ak_js\" value=\"70\"\/><script>document.getElementById( \"ak_js_1\" ).setAttribute( \"value\", ( new Date() ).getTime() );<\/script><\/p><div class=\"wpcf7-response-output\" aria-hidden=\"true\"><\/div>\n<\/form>\n<\/div>\n\n<h2><\/h2>\n<p>&nbsp;<\/p>\n","protected":false},"excerpt":{"rendered":"<p>Pour me contacter, je vous invite \u00e0 remplir le formulaire de contact ou \u00e0 envoyer un mail \u00e0 contact@latelierdelabarbastelle.fr &nbsp;<\/p>\n","protected":false},"author":1,"featured_media":0,"parent":0,"menu_order":0,"comment_status":"closed","ping_status":"closed","template":"","meta":{"footnotes":""},"class_list":["post-3583","page","type-page","status-publish","hentry"],"_links":{"self":[{"href":"http:\/\/latelierdelabarbastelle.fr\/index.php\/wp-json\/wp\/v2\/pages\/3583","targetHints":{"allow":["GET"]}}],"collection":[{"href":"http:\/\/latelierdelabarbastelle.fr\/index.php\/wp-json\/wp\/v2\/pages"}],"about":[{"href":"http:\/\/latelierdelabarbastelle.fr\/index.php\/wp-json\/wp\/v2\/types\/page"}],"author":[{"embeddable":true,"href":"http:\/\/latelierdelabarbastelle.fr\/index.php\/wp-json\/wp\/v2\/users\/1"}],"replies":[{"embeddable":true,"href":"http:\/\/latelierdelabarbastelle.fr\/index.php\/wp-json\/wp\/v2\/comments?post=3583"}],"version-history":[{"count":10,"href":"http:\/\/latelierdelabarbastelle.fr\/index.php\/wp-json\/wp\/v2\/pages\/3583\/revisions"}],"predecessor-version":[{"id":11284,"href":"http:\/\/latelierdelabarbastelle.fr\/index.php\/wp-json\/wp\/v2\/pages\/3583\/revisions\/11284"}],"wp:attachment":[{"href":"http:\/\/latelierdelabarbastelle.fr\/index.php\/wp-json\/wp\/v2\/media?parent=3583"}],"curies":[{"name":"wp","href":"https:\/\/api.w.org\/{rel}","templated":true}]}}