{"id":3593,"date":"2021-11-23T08:57:28","date_gmt":"2021-11-23T07:57:28","guid":{"rendered":"http:\/\/latelierdelabarbastelle.fr\/?page_id=3593"},"modified":"2024-11-24T17:02:50","modified_gmt":"2024-11-24T16:02:50","slug":"actualites","status":"publish","type":"page","link":"http:\/\/latelierdelabarbastelle.fr\/index.php\/actualites\/","title":{"rendered":"Actualit\u00e9s"},"content":{"rendered":"<h4>Actualit\u00e9 du 24\/11\/2024<\/h4>\n<p>Les f\u00eates approchent et avec elles la saison des march\u00e9s de No\u00ebl.<\/p>\n<p>&#8211; Vous pourrez retrouver mes poteries \u00e0 la Boutique des artisans de la Petite Montagne \u00e0 Orgelet (au rond point) jusqu&rsquo;au 4 janvier.<\/p>\n<p>&#8211; Je serai au march\u00e9 de No\u00ebl de Baume les Messieurs les 30 novembre et 1 d\u00e9cembre<\/p>\n<p>&#8211; Et au march\u00e9 de No\u00ebl des Salines d&rsquo;Arc et Senans les 7 et 8 d\u00e9cembre.<\/p>\n<p>&#8211; Enfin n&rsquo;h\u00e9sitez pas \u00e0 (vous) offrir un stage de tournage d&rsquo;un ou deux jours. Tous les d\u00e9tails sur la page d\u00e9di\u00e9es<\/p>\n<h4><\/h4>\n<h4>Actualit\u00e9 du 30\/05\/2024<\/h4>\n<p>La p\u00e9riode d&rsquo;\u00e9t\u00e9 commence avec beaucoup d&rsquo;actualit\u00e9s:<\/p>\n<p>&#8211; Vous pourrez retrouver mes sculptures \u00e0 Sculpnature au domaine de la garde \u00e0 Bourg-en-Bresse ce week-end\u00a0 1 et 2 juin 2024. Nous serons 64 sculpteurs et sculptrices \u00e0 exposer. Toutes les infos ici: <a href=\"http:\/\/lesamisdelagarde.fr\/\">http:\/\/lesamisdelagarde.fr\/<\/a><\/p>\n<p>&#8211; Pour les nuits des for\u00eats, certaines cr\u00e9ations seront visibles le samedi et dimanche dans la for\u00eat d&rsquo;Andelot-Morval dans le Jura avec un programme d&rsquo;animation en for\u00eat. Les infos ici: <a href=\"https:\/\/nuitsdesforets.com\/evenement_2024\/un-weekend-dans-la-foret-dandelot-morval\/\">https:\/\/nuitsdesforets.com\/evenement_2024\/un-weekend-dans-la-foret-dandelot-morval\/ <\/a><\/p>\n<p>&#8211; La boutique d&rsquo;Orgelet r\u00e9ouvre le 8 juin et ce jusqu&rsquo;au 30 ao\u00fbt. Nous sommes 11 \u00e0 exposer pour cette session dont 4 nouveaux entrants!! On vous y attend du mercredi au samedi de 10h \u00e0 13h et de 15h \u00e0 19h!! (1 rue du faubourg de l&rsquo;orme)<\/p>\n<p>&#8211; Les poteries seront au march\u00e9 de potiers de Chanaz le 21 Juillet.<\/p>\n<p>&#8211; Enfin des stages sont pr\u00e9vus dans l&rsquo;\u00e9t\u00e9. Si vous voulez y participer contacter moi!!<\/p>\n<h4><\/h4>\n<h4>Actualit\u00e9 du 04\/07\/2023<\/h4>\n<p>Les stages ont commenc\u00e9s.<\/p>\n<p>Les march\u00e9s de No\u00ebl sont l\u00e0 . Vous pouvez me retrouver prochainement:<\/p>\n<p>&#8211; Le dimanche 3 d\u00e9cembre toute la journ\u00e9e au march\u00e9 de No\u00ebl de la caborde d&rsquo;Orbagna<\/p>\n<p>&#8211; Le Vendredi 8 d\u00e9cembre au march\u00e9 de No\u00ebl d&rsquo;Arinthod de 18h \u00e0 22h<\/p>\n<p>&#8211; Le Dimanche 10 d\u00e9cembre au march\u00e9 de potiers de Chatillon sur Chalaronne toute la journ\u00e9e<\/p>\n<p>&#8211; Les\u00a0 15 16 et 17 d\u00e9cembre au march\u00e9 de No\u00ebl de Moirans en Montagne<\/p>\n<p>&#8211; Et bien s\u00fbr du 24 Novembre au 6 janvier \u00e0 La boutique CLAC d&rsquo;Orgelet (1 rue des fosses)<\/p>\n<p>&nbsp;<\/p>\n<h4>Actualit\u00e9 du 23\/05\/2023<\/h4>\n<p>Les travaux sont finis et les stages de tournage et modelage commencent (toutes les infos sur la page: <a href=\"http:\/\/latelierdelabarbastelle.fr\/index.php\/stages\/\">http:\/\/latelierdelabarbastelle.fr\/index.php\/stages\/ )<\/a><\/p>\n<p>Pas mal de dates de march\u00e9 d&rsquo;expo et autre cet \u00e9t\u00e9. Je vous tiens au courant<\/p>\n<p>&nbsp;<\/p>\n","protected":false},"excerpt":{"rendered":"<p>Actualit\u00e9 du 24\/11\/2024 Les f\u00eates approchent et avec elles la saison des march\u00e9s de No\u00ebl. &#8211; Vous pourrez retrouver mes poteries \u00e0 la Boutique des artisans de la Petite Montagne \u00e0 Orgelet (au rond point) jusqu&rsquo;au 4 janvier. &#8211; Je serai au march\u00e9 de No\u00ebl&#8230;<\/p>\n","protected":false},"author":1,"featured_media":0,"parent":0,"menu_order":0,"comment_status":"closed","ping_status":"closed","template":"","meta":{"footnotes":""},"class_list":["post-3593","page","type-page","status-publish","hentry"],"_links":{"self":[{"href":"http:\/\/latelierdelabarbastelle.fr\/index.php\/wp-json\/wp\/v2\/pages\/3593","targetHints":{"allow":["GET"]}}],"collection":[{"href":"http:\/\/latelierdelabarbastelle.fr\/index.php\/wp-json\/wp\/v2\/pages"}],"about":[{"href":"http:\/\/latelierdelabarbastelle.fr\/index.php\/wp-json\/wp\/v2\/types\/page"}],"author":[{"embeddable":true,"href":"http:\/\/latelierdelabarbastelle.fr\/index.php\/wp-json\/wp\/v2\/users\/1"}],"replies":[{"embeddable":true,"href":"http:\/\/latelierdelabarbastelle.fr\/index.php\/wp-json\/wp\/v2\/comments?post=3593"}],"version-history":[{"count":18,"href":"http:\/\/latelierdelabarbastelle.fr\/index.php\/wp-json\/wp\/v2\/pages\/3593\/revisions"}],"predecessor-version":[{"id":11484,"href":"http:\/\/latelierdelabarbastelle.fr\/index.php\/wp-json\/wp\/v2\/pages\/3593\/revisions\/11484"}],"wp:attachment":[{"href":"http:\/\/latelierdelabarbastelle.fr\/index.php\/wp-json\/wp\/v2\/media?parent=3593"}],"curies":[{"name":"wp","href":"https:\/\/api.w.org\/{rel}","templated":true}]}}